{"id":286,"date":"2020-05-15T18:46:39","date_gmt":"2020-05-15T18:46:39","guid":{"rendered":"https:\/\/flachs-fahrzeugtechnik.de\/?page_id=286"},"modified":"2020-10-19T19:40:25","modified_gmt":"2020-10-19T19:40:25","slug":"datenschutzerklaerung","status":"publish","type":"page","link":"https:\/\/flachs-fahrzeugtechnik.de\/?page_id=286","title":{"rendered":"Datenschutzerkl\u00e4rung"},"content":{"rendered":"\n<h4 class=\"wp-block-heading\"><strong>Datenschutzerkl\u00e4rung<\/strong><\/h4>\n\n\n\n<h4 class=\"wp-block-heading\"><strong>\u00a7 1. Information \u00fcber die Erhebung personenbezogener Daten<\/strong><\/h4>\n\n\n\n<p>(1) Im Folgenden informieren wir \u00fcber die Erhebung personenbezogener Daten bei Nutzung unserer Website. Personenbezogene Daten sind alle Daten, die auf Sie pers\u00f6nlich beziehbar sind, z.\u2009B. Name, Adresse, E-Mail-Adressen, Nutzerverhalten.<\/p>\n\n\n\n<p>(2) Verantwortlicher gem. Art. 4 Abs. 7 EU-Datenschutz-Grundverordnung (DSGVO) ist<\/p>\n\n\n\n<p>Johannes Flachs<\/p>\n\n\n\n<p>USt-ID: DE815737549<br>Hockenheimer Stra\u00dfe 2-4<br>68775 Ketsch<\/p>\n\n\n\n<p>(3) Bei Ihrer Kontaktaufnahme mit uns per E-Mail werden die von Ihnen mitgeteilten Daten (Ihre E-Mail-Adresse, ggf. Ihr Name und Ihre Telefonnummer) von uns gespeichert, um Ihre Fragen zu beantworten. Die in diesem Zusammenhang anfallenden Daten l\u00f6schen wir, nachdem die Speicherung nicht mehr erforderlich ist, oder schr\u00e4nken die Verarbeitung ein, falls gesetzliche Aufbewahrungspflichten bestehen.<\/p>\n\n\n\n<h4 class=\"wp-block-heading\">\u00a7 2. Erhebung personenbezogener Daten bei Besuch unserer Website<\/h4>\n\n\n\n<p>(1) Wenn Sie unsere Website besuchen, \u00fcbertr\u00e4gt Ihr Browser aus technischen Gr\u00fcnden bestimmte Daten an unseren Webserver. Dabei handelt es sich um folgende Daten (sogenannte Serverlogfiles):<\/p>\n\n\n\n<p>\u2013 IP-Adresse<\/p>\n\n\n\n<p>\u2013 Datum und Uhrzeit der Anfrage<\/p>\n\n\n\n<p>\u2013 Zeitzonendifferenz zur Greenwich Mean Time (GMT)<\/p>\n\n\n\n<p>\u2013 Inhalt der Anforderung (konkrete Seite)<\/p>\n\n\n\n<p>\u2013 Zugriffsstatus\/HTTP-Statuscode<\/p>\n\n\n\n<p>\u2013 jeweils \u00fcbertragene Datenmenge<\/p>\n\n\n\n<p>\u2013 Website, von der die Anforderung kommt<\/p>\n\n\n\n<p>\u2013 Browser, Sprache und Version der Browsersoftware<\/p>\n\n\n\n<p>\u2013 Betriebssystem und dessen Oberfl\u00e4che<\/p>\n\n\n\n<p>Die Erhebung der IP-Adresse ist technisch zwingend erforderlich, um Ihnen unsere Website anzeigen zu k\u00f6nnen. Die Erhebung der weiteren Daten ist erforderlich, um die Stabilit\u00e4t und Sicherheit unserer Website zu gew\u00e4hrleisten. Die Speicherung von IP-Adressen in Logfiles ist erforderlich, um m\u00f6gliche Angriffe zu erkennen und abzuwehren.<\/p>\n\n\n\n<p>Rechtsgrundlage f\u00fcr die Verarbeitung dieser personenbezogenen Daten ist Art. 6 Abs. 1 S. 1 lit. f DSGVO.<\/p>\n\n\n\n<p>Unser berechtigtes Interesse folgt aus oben genannten Zwecken zur Datenerhebung. In keinem Fall verwenden wir die erhobenen Daten zu dem Zweck, R\u00fcckschl\u00fcsse auf Ihre Person zu ziehen.<\/p>\n\n\n\n<p>Die Daten werden gel\u00f6scht, sobald sie f\u00fcr die Erreichung des Zweckes ihrer Erhebung nicht mehr erforderlich sind. Im Falle der Erfassung der Daten zur Bereitstellung der Website ist dies der Fall, wenn die jeweilige Sitzung beendet ist. Im Falle der Speicherung der Daten in Logfiles ist dies nach sp\u00e4testens sieben Tagen der Fall.<\/p>\n\n\n\n<p>(2) Zus\u00e4tzlich zu den zuvor genannten Daten werden bei Ihrer Nutzung unserer Website Cookies auf Ihrem Rechner gespeichert. Bei Cookies handelt es sich um kleine Textdateien, die auf Ihrer Festplatte dem von Ihnen verwendeten Browser zugeordnet gespeichert werden und durch welche der Stelle, die den Cookie setzt (hier durch uns), bestimmte Informationen zuflie\u00dfen. Cookies k\u00f6nnen keine Programme ausf\u00fchren oder Viren auf Ihren Computer \u00fcbertragen. Sie dienen dazu, das Internetangebot insgesamt nutzerfreundlicher und effektiver zu machen.<\/p>\n\n\n\n<p>(3) Einsatz von Cookies:<\/p>\n\n\n\n<p>Diese Website nutzt folgende Arten von Cookies, deren Umfang und Funktionsweise im Folgenden erl\u00e4utert werden:<\/p>\n\n\n\n<p>\u2013 Transiente Cookies (dazu b)<\/p>\n\n\n\n<p>\u2013 Persistente Cookies (dazu c).<\/p>\n\n\n\n<p>b) Transiente Cookies werden automatisiert gel\u00f6scht, wenn Sie den Browser schlie\u00dfen. Dazu z\u00e4hlen insbesondere die Session-Cookies. Diese speichern eine sogenannte Session-ID, mit welcher sich verschiedene Anfragen Ihres Browsers der gemeinsamen Sitzung zuordnen lassen. Dadurch kann Ihr Rechner wiedererkannt werden, wenn Sie auf unsere Website zur\u00fcckkehren. Die Session-Cookies werden gel\u00f6scht, wenn Sie sich ausloggen oder den Browser schlie\u00dfen.<\/p>\n\n\n\n<p>c) Persistente Cookies werden automatisiert nach einer vorgegebenen Dauer gel\u00f6scht, die sich je nach Cookie unterscheiden kann. Sie k\u00f6nnen die Cookies in den Sicherheitseinstellungen Ihres Browsers jederzeit l\u00f6schen.<\/p>\n\n\n\n<p>d) Sie k\u00f6nnen Ihre Browser-Einstellung entsprechend Ihren W\u00fcnschen konfigurieren und z.\u2009B. die Annahme von Third-Party-Cookies oder allen Cookies ablehnen. Wir weisen Sie darauf hin, dass Sie eventuell nicht alle Funktionen dieser Website nutzen k\u00f6nnen.<\/p>\n\n\n\n<h4 class=\"wp-block-heading\">\u00a7 3. Ihre Rechte<\/h4>\n\n\n\n<p>(1) Sie haben gegen\u00fcber uns folgende Rechte hinsichtlich der Sie betreffenden personenbezogenen Daten:<\/p>\n\n\n\n<p>\u2013 Recht auf Auskunft (Art. 15 DSGVO),<\/p>\n\n\n\n<p>\u2013 Recht auf Berichtigung oder L\u00f6schung (Art. 16 &amp; 17 DSGVO),<\/p>\n\n\n\n<p>\u2013 Recht auf Einschr\u00e4nkung der Verarbeitung (Art. 18 DSGVO),<\/p>\n\n\n\n<p>\u2013 Recht auf Widerspruch gegen die Verarbeitung (Art. 21 DSGVO),<\/p>\n\n\n\n<p>\u2013 Recht auf Daten\u00fcbertragbarkeit (Art. 20 DSGVO).<\/p>\n\n\n\n<p>(2) Sie haben zudem das Recht, sich bei einer Datenschutz-Aufsichtsbeh\u00f6rde \u00fcber die Verarbeitung Ihrer personenbezogenen Daten durch uns zu beschweren (Art. 77 DSGVO).<\/p>\n\n\n\n<p>Sie k\u00f6nnen dies z.B. bei der f\u00fcr uns zust\u00e4ndigen Aufsichtsbeh\u00f6rde aus\u00fcben:<\/p>\n\n\n\n<p>Unabh\u00e4ngiges Zentrum f\u00fcr Datenschutz<br>Holstenstra\u00dfe 98<br>24103 Kiel<\/p>\n\n\n\n<p>Website mit weiteren Kontaktdaten: https:\/\/www.datenschutzzentrum.de<\/p>\n\n\n\n<h4 class=\"wp-block-heading\">\u00a7 4. \u00c4nderungen der Datenschutzerkl\u00e4rung<\/h4>\n\n\n\n<p>Durch die Weiterentwicklung unserer Website oder aufgrund ge\u00e4nderter gesetzlicher beziehungsweise beh\u00f6rdlicher Vorgaben kann es notwendig werden, diese Datenschutzhinweise zu \u00e4ndern. Die jeweils aktuellen Datenschutzhinweise k\u00f6nnen auf unserer Website von Ihnen abgerufen und ausgedruckt werden.<\/p>\n","protected":false},"excerpt":{"rendered":"<p>Datenschutzerkl\u00e4rung \u00a7 1. Information \u00fcber die Erhebung personenbezogener Daten (1) Im Folgenden informieren wir \u00fcber die Erhebung personenbezogener Daten bei Nutzung unserer Website. Personenbezogene Daten sind alle Daten, die auf Sie pers\u00f6nlich beziehbar sind, z.\u2009B. Name, Adresse, E-Mail-Adressen, Nutzerverhalten. (2) Verantwortlicher gem. Art. 4 Abs. 7 EU-Datenschutz-Grundverordnung (DSGVO) ist Johannes Flachs USt-ID: DE815737549Hockenheimer Stra\u00dfe 2-468775 [&hellip;]<\/p>\n","protected":false},"author":1,"featured_media":0,"parent":0,"menu_order":0,"comment_status":"closed","ping_status":"closed","template":"","meta":{"footnotes":""},"class_list":["post-286","page","type-page","status-publish","hentry"],"jetpack_sharing_enabled":true,"_links":{"self":[{"href":"https:\/\/flachs-fahrzeugtechnik.de\/index.php?rest_route=\/wp\/v2\/pages\/286","targetHints":{"allow":["GET"]}}],"collection":[{"href":"https:\/\/flachs-fahrzeugtechnik.de\/index.php?rest_route=\/wp\/v2\/pages"}],"about":[{"href":"https:\/\/flachs-fahrzeugtechnik.de\/index.php?rest_route=\/wp\/v2\/types\/page"}],"author":[{"embeddable":true,"href":"https:\/\/flachs-fahrzeugtechnik.de\/index.php?rest_route=\/wp\/v2\/users\/1"}],"replies":[{"embeddable":true,"href":"https:\/\/flachs-fahrzeugtechnik.de\/index.php?rest_route=%2Fwp%2Fv2%2Fcomments&post=286"}],"version-history":[{"count":3,"href":"https:\/\/flachs-fahrzeugtechnik.de\/index.php?rest_route=\/wp\/v2\/pages\/286\/revisions"}],"predecessor-version":[{"id":512,"href":"https:\/\/flachs-fahrzeugtechnik.de\/index.php?rest_route=\/wp\/v2\/pages\/286\/revisions\/512"}],"wp:attachment":[{"href":"https:\/\/flachs-fahrzeugtechnik.de\/index.php?rest_route=%2Fwp%2Fv2%2Fmedia&parent=286"}],"curies":[{"name":"wp","href":"https:\/\/api.w.org\/{rel}","templated":true}]}}